{"id":39,"date":"2014-09-12T14:29:37","date_gmt":"2014-09-12T14:29:37","guid":{"rendered":"http:\/\/themes.muffingroup.com\/be\/pizza\/?page_id=37"},"modified":"2014-09-12T14:29:37","modified_gmt":"2014-09-12T14:29:37","slug":"menu","status":"publish","type":"page","link":"https:\/\/besites.com.br\/pizza\/pt\/menu\/","title":{"rendered":"Menu"},"content":{"rendered":"<table class=\"restaurant_menu\">\n<thead>\n<tr>\n<th colspan=\"2\"><\/th>\n<th style=\"width: 70px;\">\u00f826<br \/>\nIndividual<\/th>\n<th style=\"width: 70px;\">\u00f834<br \/>\nNormal<\/th>\n<th style=\"width: 70px;\">\u00f840<br \/>\nFam\u00edlia<\/th>\n<\/tr>\n<\/thead>\n<tbody>\n<tr>\n<td><img decoding=\"async\" src=\"http:\/\/besites.com.br\/pizza\/wp-content\/uploads\/sites\/9\/2014\/09\/home_pizza_menu_1.png\" alt=\"\" \/><\/td>\n<td style=\"text-align: left;\">\n<h4 class=\"title\">Margherita<\/h4>\n<p class=\"ingredients\">molestie, magna, fringilla, rhoncus, purus, lobortis, fermentum, dolor<\/p>\n<\/td>\n<td class=\"price\">$7<\/td>\n<td class=\"price\">$11<\/td>\n<td class=\"price\">$16<\/td>\n<\/tr>\n<tr>\n<td><img decoding=\"async\" src=\"http:\/\/besites.com.br\/pizza\/wp-content\/uploads\/sites\/9\/2014\/09\/home_pizza_menu_2.png\" alt=\"\" \/><\/td>\n<td style=\"text-align: left;\">\n<h4 class=\"title\">Especial da Casa<\/h4>\n<p class=\"ingredients\">molestie, magna, fringilla, rhoncus, purus, lobortis, commodo, integer<\/p>\n<\/td>\n<td class=\"price\">$7<\/td>\n<td class=\"price\">$11<\/td>\n<td class=\"price\">$16<\/td>\n<\/tr>\n<tr>\n<td><img decoding=\"async\" src=\"http:\/\/besites.com.br\/pizza\/wp-content\/uploads\/sites\/9\/2014\/09\/home_pizza_menu_3.png\" alt=\"\" \/><\/td>\n<td style=\"text-align: left;\">\n<h4 class=\"title\">Pepperoni duplo<\/h4>\n<p class=\"ingredients\">molestie, magna, fringilla, rhoncus, purus, lobortis, commodo, integer<\/p>\n<\/td>\n<td class=\"price\">$8<\/td>\n<td class=\"price\">$12<\/td>\n<td class=\"price\">$18<\/td>\n<\/tr>\n<tr>\n<td><img decoding=\"async\" src=\"http:\/\/besites.com.br\/pizza\/wp-content\/uploads\/sites\/9\/2014\/09\/home_pizza_menu_1.png\" alt=\"\" \/><\/td>\n<td style=\"text-align: left;\">\n<h4 class=\"title\">Frango &amp; Cogumelo<\/h4>\n<p class=\"ingredients\">molestie, magna, fringilla, rhoncus, purus, lobortis<\/p>\n<\/td>\n<td class=\"price\">$8<\/td>\n<td class=\"price\">$12<\/td>\n<td class=\"price\">$18<\/td>\n<\/tr>\n<tr>\n<td><img decoding=\"async\" src=\"http:\/\/besites.com.br\/pizza\/wp-content\/uploads\/sites\/9\/2014\/09\/home_pizza_menu_2.png\" alt=\"\" \/><\/td>\n<td style=\"text-align: left;\">\n<h4 class=\"title\">Especial Italia<\/h4>\n<p class=\"ingredients\">molestie, magna, fringilla, rhoncus, purus, lobortis, commodo, integer<\/p>\n<\/td>\n<td class=\"price\">$8<\/td>\n<td class=\"price\">$13<\/td>\n<td class=\"price\">$20<\/td>\n<\/tr>\n<tr>\n<td><img decoding=\"async\" src=\"http:\/\/besites.com.br\/pizza\/wp-content\/uploads\/sites\/9\/2014\/09\/home_pizza_menu_3.png\" alt=\"\" \/><\/td>\n<td style=\"text-align: left;\">\n<h4 class=\"title\">Tropicana<\/h4>\n<p class=\"ingredients\">molestie, magna, fringilla, rhoncus, purus, lobortis<\/p>\n<\/td>\n<td class=\"price\">$9<\/td>\n<td class=\"price\">$15<\/td>\n<td class=\"price\">$22<\/td>\n<\/tr>\n<\/tbody>\n<\/table>\n<p>&nbsp;<\/p>","protected":false},"excerpt":{"rendered":"<p>\u00f826 Individual \u00f834 Normal \u00f840 Family Margherita molestie, magna, fringilla, rhoncus, purus, lobortis, fermentum, dolor $7 $11 $16 Farm House molestie, magna, fringilla, rhoncus, purus, lobortis,<span class=\"excerpt-hellip\"> [\u2026]<\/span><\/p>","protected":false},"author":1,"featured_media":0,"parent":0,"menu_order":0,"comment_status":"open","ping_status":"open","template":"","meta":{"footnotes":""},"class_list":["post-39","page","type-page","status-publish","hentry"],"_links":{"self":[{"href":"https:\/\/besites.com.br\/pizza\/pt\/wp-json\/wp\/v2\/pages\/39","targetHints":{"allow":["GET"]}}],"collection":[{"href":"https:\/\/besites.com.br\/pizza\/pt\/wp-json\/wp\/v2\/pages"}],"about":[{"href":"https:\/\/besites.com.br\/pizza\/pt\/wp-json\/wp\/v2\/types\/page"}],"author":[{"embeddable":true,"href":"https:\/\/besites.com.br\/pizza\/pt\/wp-json\/wp\/v2\/users\/1"}],"replies":[{"embeddable":true,"href":"https:\/\/besites.com.br\/pizza\/pt\/wp-json\/wp\/v2\/comments?post=39"}],"version-history":[{"count":0,"href":"https:\/\/besites.com.br\/pizza\/pt\/wp-json\/wp\/v2\/pages\/39\/revisions"}],"wp:attachment":[{"href":"https:\/\/besites.com.br\/pizza\/pt\/wp-json\/wp\/v2\/media?parent=39"}],"curies":[{"name":"wp","href":"https:\/\/api.w.org\/{rel}","templated":true}]}}