{"id":55,"date":"2015-05-15T10:06:36","date_gmt":"2015-05-15T10:06:36","guid":{"rendered":"http:\/\/themes.muffingroup.com\/be\/massage\/?page_id=55"},"modified":"2015-05-15T10:06:36","modified_gmt":"2015-05-15T10:06:36","slug":"pricing-and-promotions","status":"publish","type":"page","link":"https:\/\/besites.com.br\/massagens\/pt\/pricing-and-promotions\/","title":{"rendered":"PRE\u00c7OS E PROMO\u00c7\u00d5ES"},"content":{"rendered":"","protected":false},"excerpt":{"rendered":"","protected":false},"author":1,"featured_media":0,"parent":0,"menu_order":0,"comment_status":"open","ping_status":"open","template":"","meta":{"footnotes":""},"class_list":["post-55","page","type-page","status-publish","hentry"],"_links":{"self":[{"href":"https:\/\/besites.com.br\/massagens\/pt\/wp-json\/wp\/v2\/pages\/55","targetHints":{"allow":["GET"]}}],"collection":[{"href":"https:\/\/besites.com.br\/massagens\/pt\/wp-json\/wp\/v2\/pages"}],"about":[{"href":"https:\/\/besites.com.br\/massagens\/pt\/wp-json\/wp\/v2\/types\/page"}],"author":[{"embeddable":true,"href":"https:\/\/besites.com.br\/massagens\/pt\/wp-json\/wp\/v2\/users\/1"}],"replies":[{"embeddable":true,"href":"https:\/\/besites.com.br\/massagens\/pt\/wp-json\/wp\/v2\/comments?post=55"}],"version-history":[{"count":0,"href":"https:\/\/besites.com.br\/massagens\/pt\/wp-json\/wp\/v2\/pages\/55\/revisions"}],"wp:attachment":[{"href":"https:\/\/besites.com.br\/massagens\/pt\/wp-json\/wp\/v2\/media?parent=55"}],"curies":[{"name":"wp","href":"https:\/\/api.w.org\/{rel}","templated":true}]}}